{"id":49,"date":"2024-02-13T08:44:37","date_gmt":"2024-02-13T07:44:37","guid":{"rendered":"https:\/\/toitsausoleil.org\/?page_id=49"},"modified":"2026-02-06T11:34:44","modified_gmt":"2026-02-06T10:34:44","slug":"nous-rejoindre","status":"publish","type":"page","link":"https:\/\/toitsausoleil.org\/index.php\/nous-rejoindre\/","title":{"rendered":"Nous rejoindre"},"content":{"rendered":"\t\t<div data-elementor-type=\"wp-page\" data-elementor-id=\"49\" class=\"elementor elementor-49\">\n\t\t\t\t<div class=\"elementor-element elementor-element-76ca0a13 e-flex e-con-boxed e-con e-parent\" data-id=\"76ca0a13\" data-element_type=\"container\">\n\t\t\t\t\t<div class=\"e-con-inner\">\n\t\t\t\t<div class=\"elementor-element elementor-element-15a2a43f elementor-widget elementor-widget-text-editor\" data-id=\"15a2a43f\" data-element_type=\"widget\" data-widget_type=\"text-editor.default\">\n\t\t\t\t<div class=\"elementor-widget-container\">\n\t\t\t\t\t\t\t\t\t\n<p class=\"wp-block-heading has-large-font-size\">Adh\u00e9rer en ligne<\/p>\n<p class=\"wp-block-heading has-large-font-size\">avec Hello Asso:<\/p>\n\n<p><strong>Il suffit de cliquer\u00a0 <a title=\"ici\" href=\"https:\/\/www.helloasso.com\/associations\/toits-au-soleil\/adhesions\/adhesion-2026-1\" target=\"_blank\" rel=\"noopener\">ici<\/a><\/strong><strong>\u00a0<\/strong><strong>puis de suivre la d\u00e9marche propos\u00e9e.<\/strong><\/p>\n\n<h6 class=\"wp-block-heading\"><strong>(Hello Asso est une entreprise solidaire d\u2019utilit\u00e9 sociale qui fournit gratuitement, \u00e0 l\u2019association Toits au Soleil, ses technologies s\u00e9curis\u00e9es de paiement. Une contribution modifiable et facultative vous est\u00a0 propos\u00e9e pour financer leur fonctionnement, les contributions des internautes sont leur unique source de revenu).<\/strong><\/h6>\n<p>\u00a0<\/p>\n\n<p class=\"wp-block-heading has-large-font-size\">Adh\u00e9rer<\/p>\n<p class=\"wp-block-heading has-large-font-size\">par courrier:<\/p>\n<p><strong>T\u00e9l\u00e9charger le bulletin d\u2019adh\u00e9sion ci-dessous.<\/strong><\/p>\n\n<p><a href=\"http:\/\/toitsausoleil.org\/wp-content\/uploads\/2024\/02\/bulletin-adhesion-Toits-au-Soleil.pdf\" data-type=\"link\" data-id=\"http:\/\/toitsausoleil.org\/wp-content\/uploads\/2024\/02\/bulletin-adhesion-Toits-au-Soleil.pdf\">T\u00e9l\u00e9charger le bulletin d&#8217;adh\u00e9sion \u00e0 Toits au Soleil<\/a><\/p>\n\n<p><strong>Renvoyer ce bulletin rempli et sign\u00e9, accompagn\u00e9 de votre ch\u00e8que \u00e0 l\u2019ordre de \u201cToits au Soleil\u201d<\/strong><\/p>\n\n<p><strong>\u00e0: Association Toits au Soleil 50, rue Ferdinand Buisson44 600 Saint-Nazaire<\/strong><br \/><strong>Nous contacter\u00a0:Vous pouvez nous joindre par courriel: toitsausoleil@gmail.com<\/strong><\/p>\n\t\t\t\t\t\t\t\t<\/div>\n\t\t\t\t<\/div>\n\t\t\t\t\t<\/div>\n\t\t\t\t<\/div>\n\t\t\t\t<\/div>\n\t\t","protected":false},"excerpt":{"rendered":"<p>Adh\u00e9rer en ligne avec Hello Asso: Il suffit de cliquer\u00a0 ici\u00a0puis de suivre la d\u00e9marche propos\u00e9e. (Hello Asso est une [&hellip;]<\/p>\n","protected":false},"author":2,"featured_media":0,"parent":0,"menu_order":0,"comment_status":"closed","ping_status":"closed","template":"","meta":{"site-sidebar-layout":"default","site-content-layout":"","ast-site-content-layout":"","site-content-style":"default","site-sidebar-style":"default","ast-global-header-display":"","ast-banner-title-visibility":"","ast-main-header-display":"","ast-hfb-above-header-display":"","ast-hfb-below-header-display":"","ast-hfb-mobile-header-display":"","site-post-title":"","ast-breadcrumbs-content":"","ast-featured-img":"","footer-sml-layout":"","theme-transparent-header-meta":"","adv-header-id-meta":"","stick-header-meta":"","header-above-stick-meta":"","header-main-stick-meta":"","header-below-stick-meta":"","astra-migrate-meta-layouts":"default","ast-page-background-enabled":"default","ast-page-background-meta":{"desktop":{"background-color":"var(--ast-global-color-4)","background-image":"","background-repeat":"repeat","background-position":"center center","background-size":"auto","background-attachment":"scroll","background-type":"","background-media":"","overlay-type":"","overlay-color":"","overlay-gradient":""},"tablet":{"background-color":"","background-image":"","background-repeat":"repeat","background-position":"center center","background-size":"auto","background-attachment":"scroll","background-type":"","background-media":"","overlay-type":"","overlay-color":"","overlay-gradient":""},"mobile":{"background-color":"","background-image":"","background-repeat":"repeat","background-position":"center center","background-size":"auto","background-attachment":"scroll","background-type":"","background-media":"","overlay-type":"","overlay-color":"","overlay-gradient":""}},"ast-content-background-meta":{"desktop":{"background-color":"var(--ast-global-color-5)","background-image":"","background-repeat":"repeat","background-position":"center center","background-size":"auto","background-attachment":"scroll","background-type":"","background-media":"","overlay-type":"","overlay-color":"","overlay-gradient":""},"tablet":{"background-color":"var(--ast-global-color-5)","background-image":"","background-repeat":"repeat","background-position":"center center","background-size":"auto","background-attachment":"scroll","background-type":"","background-media":"","overlay-type":"","overlay-color":"","overlay-gradient":""},"mobile":{"background-color":"var(--ast-global-color-5)","background-image":"","background-repeat":"repeat","background-position":"center center","background-size":"auto","background-attachment":"scroll","background-type":"","background-media":"","overlay-type":"","overlay-color":"","overlay-gradient":""}},"footnotes":""},"class_list":["post-49","page","type-page","status-publish","hentry"],"aioseo_notices":[],"_links":{"self":[{"href":"https:\/\/toitsausoleil.org\/index.php\/wp-json\/wp\/v2\/pages\/49","targetHints":{"allow":["GET"]}}],"collection":[{"href":"https:\/\/toitsausoleil.org\/index.php\/wp-json\/wp\/v2\/pages"}],"about":[{"href":"https:\/\/toitsausoleil.org\/index.php\/wp-json\/wp\/v2\/types\/page"}],"author":[{"embeddable":true,"href":"https:\/\/toitsausoleil.org\/index.php\/wp-json\/wp\/v2\/users\/2"}],"replies":[{"embeddable":true,"href":"https:\/\/toitsausoleil.org\/index.php\/wp-json\/wp\/v2\/comments?post=49"}],"version-history":[{"count":29,"href":"https:\/\/toitsausoleil.org\/index.php\/wp-json\/wp\/v2\/pages\/49\/revisions"}],"predecessor-version":[{"id":10394,"href":"https:\/\/toitsausoleil.org\/index.php\/wp-json\/wp\/v2\/pages\/49\/revisions\/10394"}],"wp:attachment":[{"href":"https:\/\/toitsausoleil.org\/index.php\/wp-json\/wp\/v2\/media?parent=49"}],"curies":[{"name":"wp","href":"https:\/\/api.w.org\/{rel}","templated":true}]}}