{"id":47,"date":"2024-02-13T08:43:54","date_gmt":"2024-02-13T07:43:54","guid":{"rendered":"https:\/\/toitsausoleil.org\/?page_id=47"},"modified":"2026-03-02T16:13:44","modified_gmt":"2026-03-02T15:13:44","slug":"cowatt","status":"publish","type":"page","link":"https:\/\/toitsausoleil.org\/index.php\/cowatt\/","title":{"rendered":"CoWatt"},"content":{"rendered":"\t\t<div data-elementor-type=\"wp-page\" data-elementor-id=\"47\" class=\"elementor elementor-47\">\n\t\t\t\t<div class=\"elementor-element elementor-element-138bc279 e-flex e-con-boxed e-con e-parent\" data-id=\"138bc279\" data-element_type=\"container\">\n\t\t\t\t\t<div class=\"e-con-inner\">\n\t\t\t\t<div class=\"elementor-element elementor-element-ac68c97 elementor-widget elementor-widget-text-editor\" data-id=\"ac68c97\" data-element_type=\"widget\" data-widget_type=\"text-editor.default\">\n\t\t\t\t<div class=\"elementor-widget-container\">\n\t\t\t\t\t\t\t\t\t<figure class=\"wp-block-image size-full is-resized\"><img fetchpriority=\"high\" decoding=\"async\" width=\"514\" height=\"321\" class=\"wp-image-100\" style=\"width: 166px; height: auto;\" src=\"http:\/\/toitsausoleil.org\/wp-content\/uploads\/2024\/02\/logo-cowatt.jpg\" alt=\"\" srcset=\"https:\/\/toitsausoleil.org\/wp-content\/uploads\/2024\/02\/logo-cowatt.jpg 514w, https:\/\/toitsausoleil.org\/wp-content\/uploads\/2024\/02\/logo-cowatt-300x187.jpg 300w\" sizes=\"(max-width: 514px) 100vw, 514px\" \/><\/figure>\n<p><!-- \/wp:image --><\/p>\n<p><!-- wp:paragraph --><\/p>\n<p>\u00a0<\/p>\n<p><!-- \/wp:paragraph --><\/p>\n<p><!-- wp:paragraph --><\/p>\n<p>CoWatt est une soci\u00e9t\u00e9 par actions simplifi\u00e9e des Pays de la Loire.<\/p>\n<p><!-- \/wp:paragraph --><\/p>\n<p><!-- wp:paragraph --><\/p>\n<p>CoWatt g\u00e8re les questions techniques, prend en charge les d\u00e9marches administratives et juridiques, signe un bail avec les propri\u00e9taires des toits (d\u00e9nomm\u00e9s h\u00e9bergeurs) et s&#8217;occupe de l&#8217;installation et de la maintenance des centrales photovolta\u00efques.<\/p>\n<p><!-- \/wp:paragraph --><\/p>\n<p><!-- wp:paragraph --><\/p>\n<p>Ce sont les citoyennes et citoyens d\u00e9tenteurs d&#8217;actions qui sont collectivement propri\u00e9taires des installations PV g\u00e9r\u00e9es par CoWatt. Ils peuvent \u00e0 ce titre, participer au fonctionnement de CoWatt et \u00eatre candidats \u00e0 sa gouvernance.<\/p>\n<p><!-- \/wp:paragraph --><\/p>\n<p><!-- wp:paragraph --><\/p>\n<p>Toits au Soleil en tant que personne morale, d\u00e9tient une action dans la SAS CoWatt et dispose \u00e0 ce titre d\u2019un droit de vote \u00e0 l\u2019 AG annuelle de CoWatt (en application du principe \u00ab 1 personne = 1 voix \u00bb).<\/p>\n<p><!-- \/wp:paragraph --><\/p>\n<p><!-- wp:paragraph --><\/p>\n<p>Toits au Soleil est pleinement engag\u00e9 dans le mouvement CoWatt et est devenu une communaut\u00e9 CoWatt en \u00e9tant signataire de sa charte.<\/p>\n<p><!-- \/wp:paragraph --><\/p>\n<p><!-- wp:paragraph --><\/p>\n<p><a href=\"http:\/\/toitsausoleil.org\/wp-content\/uploads\/2024\/04\/Charte-du-Mouvement-CoWatt.pdf\" data-type=\"link\" data-id=\"http:\/\/toitsausoleil.org\/wp-content\/uploads\/2024\/04\/Charte-du-Mouvement-CoWatt.pdf\">Charte de CoWatt<\/a><\/p>\n<p><!-- \/wp:paragraph --><\/p>\n<p><!-- wp:paragraph --><\/p>\n<p>Toits au Soleil a un si\u00e8ge dans le coll\u00e8ge des associations du Comit\u00e9 de Pilotage de CoWatt, c\u2019est Cl\u00e9ment qui assure ce r\u00f4le actuellement.<\/p>\n<p><!-- \/wp:paragraph --><\/p>\n<p><!-- wp:paragraph --><\/p>\n<p>Plusieurs membres de Toits au Soleil sont \u00e9galement impliqu\u00e9s dans les groupes de travail de CoWatt.<br \/><br \/>Toute citoyenne et tout citoyen peut investir \u00e0 hauteur de ses moyens pour financer des installations avec Toits au Soleil via l\u2019achat d&#8217;actions dans CoWatt (\u00e0 partir de 109 euros) ; elle ou il devient alors actionnaire. Gr\u00e2ce \u00e0 la revente d&#8217;\u00e9lectricit\u00e9 par CoWatt, les actionnaires pourront recevoir des dividendes (selon la d\u00e9cision de l&#8217;Assembl\u00e9e g\u00e9n\u00e9rale).<\/p>\n<p><!-- \/wp:paragraph --><\/p>\n<p><!-- wp:paragraph --><\/p>\n<p>CoWatt est plus qu\u2019une entreprise, c\u2019est une bo\u00eete\u2026 \u00e0 outils pour :<\/p>\n<p><!-- \/wp:paragraph --><\/p>\n<p><!-- wp:paragraph --><\/p>\n<p><strong>&#8211; F\u00e9d\u00e9rer<\/strong><strong>\u00a0<\/strong>les \u00e9nergies gr\u00e2ce \u00e0 l\u2019essaimage de communaut\u00e9s, au partage d\u2019exp\u00e9rience et \u00e0 une communication dynamique.<\/p>\n<p><!-- \/wp:paragraph --><\/p>\n<p><!-- wp:paragraph --><\/p>\n<p><strong>&#8211; Multiplier<\/strong>\u00a0la r\u00e9alisation de projets citoyens en simplifiant les d\u00e9marches\u00a0administratives et juridiques, en apportant son expertise technique et en assurant la gestion financi\u00e8re.<\/p>\n<p><!-- \/wp:paragraph --><\/p>\n<p><!-- wp:paragraph --><\/p>\n<p>Plus d\u2019infos sur CoWatt\u00a0: <a href=\"https:\/\/cowatt.fr\/\">https:\/\/cowatt.fr\/<\/a><\/p>\n<p><!-- \/wp:paragraph --><\/p>\n<p><!-- wp:heading {\"level\":3} --><\/p>\n<h3 class=\"wp-block-heading\"><strong>Souscription d\u2019actions \u00e0 CoWatt: <\/strong><strong>\u00a0\u00a0<\/strong><a href=\"https:\/\/cowatt.fr\/souscription\/\">Souscrire \u00e0 CoWatt<\/a><\/h3>\n<p><!-- \/wp:heading --><\/p>\n<p><!-- wp:heading {\"level\":5,\"fontSize\":\"medium\"} --><\/p>\n<h5 class=\"wp-block-heading has-medium-font-size\"><strong>Ciblez Toits au Soleil!<\/strong><\/h5>\n<p><!-- \/wp:heading --><\/p>\n<p><!-- wp:heading {\"level\":5} --><\/p>\n<p class=\"wp-block-heading\"><em>Tout investissement en capital comporte des risques de pertes partielles ou totales du capital investi.<\/em><\/p>\n<p><!-- \/wp:heading --><\/p>\n<p><!-- wp:heading {\"level\":5} --><\/p>\n<p class=\"wp-block-heading\"><em>Avant toute souscription, prenez le temps de lire les statuts de la SAS CoWatt ainsi que le Document d\u2019Information Synth\u00e9tique.<\/em><\/p>\n<p><!-- \/wp:heading --><\/p>\n<p><!-- wp:paragraph --><\/p>\n<p><!-- \/wp:paragraph --><\/p>\n<p><!-- wp:paragraph --><\/p>\n<p><!-- \/wp:paragraph --><\/p>\n<p><!-- wp:gallery {\"linkTo\":\"none\"} --><\/p>\n<figure class=\"wp-block-gallery has-nested-images columns-default is-cropped\"><!-- wp:image {\"id\":92,\"sizeSlug\":\"large\",\"linkDestination\":\"none\"} -->\n<p>\u00a0<\/p>\n<figure class=\"wp-block-image size-large\"><img decoding=\"async\" width=\"1024\" height=\"643\" class=\"wp-image-92\" src=\"https:\/\/toitsausoleil.org\/wp-content\/uploads\/2024\/02\/Fonctionnement-CoWatt-3-1024x643.png\" alt=\"\" srcset=\"https:\/\/toitsausoleil.org\/wp-content\/uploads\/2024\/02\/Fonctionnement-CoWatt-3-1024x643.png 1024w, https:\/\/toitsausoleil.org\/wp-content\/uploads\/2024\/02\/Fonctionnement-CoWatt-3-300x188.png 300w, https:\/\/toitsausoleil.org\/wp-content\/uploads\/2024\/02\/Fonctionnement-CoWatt-3-768x482.png 768w, https:\/\/toitsausoleil.org\/wp-content\/uploads\/2024\/02\/Fonctionnement-CoWatt-3-1536x964.png 1536w, https:\/\/toitsausoleil.org\/wp-content\/uploads\/2024\/02\/Fonctionnement-CoWatt-3-2048x1286.png 2048w, https:\/\/toitsausoleil.org\/wp-content\/uploads\/2024\/02\/Fonctionnement-CoWatt-3-1131x710.png 1131w\" sizes=\"(max-width: 1024px) 100vw, 1024px\" \/><\/figure>\n<p><!-- \/wp:image --><\/p>\n<\/figure>\n<p><!-- \/wp:gallery --><\/p>\t\t\t\t\t\t\t\t<\/div>\n\t\t\t\t<\/div>\n\t\t\t\t\t<\/div>\n\t\t\t\t<\/div>\n\t\t\t\t<\/div>\n\t\t","protected":false},"excerpt":{"rendered":"<p>\u00a0 CoWatt est une soci\u00e9t\u00e9 par actions simplifi\u00e9e des Pays de la Loire. CoWatt g\u00e8re les questions techniques, prend en [&hellip;]<\/p>\n","protected":false},"author":2,"featured_media":0,"parent":0,"menu_order":0,"comment_status":"closed","ping_status":"closed","template":"","meta":{"site-sidebar-layout":"default","site-content-layout":"","ast-site-content-layout":"","site-content-style":"default","site-sidebar-style":"default","ast-global-header-display":"","ast-banner-title-visibility":"","ast-main-header-display":"","ast-hfb-above-header-display":"","ast-hfb-below-header-display":"","ast-hfb-mobile-header-display":"","site-post-title":"","ast-breadcrumbs-content":"","ast-featured-img":"","footer-sml-layout":"","theme-transparent-header-meta":"","adv-header-id-meta":"","stick-header-meta":"","header-above-stick-meta":"","header-main-stick-meta":"","header-below-stick-meta":"","astra-migrate-meta-layouts":"default","ast-page-background-enabled":"default","ast-page-background-meta":{"desktop":{"background-color":"var(--ast-global-color-4)","background-image":"","background-repeat":"repeat","background-position":"center center","background-size":"auto","background-attachment":"scroll","background-type":"","background-media":"","overlay-type":"","overlay-color":"","overlay-gradient":""},"tablet":{"background-color":"","background-image":"","background-repeat":"repeat","background-position":"center center","background-size":"auto","background-attachment":"scroll","background-type":"","background-media":"","overlay-type":"","overlay-color":"","overlay-gradient":""},"mobile":{"background-color":"","background-image":"","background-repeat":"repeat","background-position":"center center","background-size":"auto","background-attachment":"scroll","background-type":"","background-media":"","overlay-type":"","overlay-color":"","overlay-gradient":""}},"ast-content-background-meta":{"desktop":{"background-color":"var(--ast-global-color-5)","background-image":"","background-repeat":"repeat","background-position":"center center","background-size":"auto","background-attachment":"scroll","background-type":"","background-media":"","overlay-type":"","overlay-color":"","overlay-gradient":""},"tablet":{"background-color":"var(--ast-global-color-5)","background-image":"","background-repeat":"repeat","background-position":"center center","background-size":"auto","background-attachment":"scroll","background-type":"","background-media":"","overlay-type":"","overlay-color":"","overlay-gradient":""},"mobile":{"background-color":"var(--ast-global-color-5)","background-image":"","background-repeat":"repeat","background-position":"center center","background-size":"auto","background-attachment":"scroll","background-type":"","background-media":"","overlay-type":"","overlay-color":"","overlay-gradient":""}},"footnotes":""},"class_list":["post-47","page","type-page","status-publish","hentry"],"aioseo_notices":[],"_links":{"self":[{"href":"https:\/\/toitsausoleil.org\/index.php\/wp-json\/wp\/v2\/pages\/47","targetHints":{"allow":["GET"]}}],"collection":[{"href":"https:\/\/toitsausoleil.org\/index.php\/wp-json\/wp\/v2\/pages"}],"about":[{"href":"https:\/\/toitsausoleil.org\/index.php\/wp-json\/wp\/v2\/types\/page"}],"author":[{"embeddable":true,"href":"https:\/\/toitsausoleil.org\/index.php\/wp-json\/wp\/v2\/users\/2"}],"replies":[{"embeddable":true,"href":"https:\/\/toitsausoleil.org\/index.php\/wp-json\/wp\/v2\/comments?post=47"}],"version-history":[{"count":23,"href":"https:\/\/toitsausoleil.org\/index.php\/wp-json\/wp\/v2\/pages\/47\/revisions"}],"predecessor-version":[{"id":10451,"href":"https:\/\/toitsausoleil.org\/index.php\/wp-json\/wp\/v2\/pages\/47\/revisions\/10451"}],"wp:attachment":[{"href":"https:\/\/toitsausoleil.org\/index.php\/wp-json\/wp\/v2\/media?parent=47"}],"curies":[{"name":"wp","href":"https:\/\/api.w.org\/{rel}","templated":true}]}}