{"id":33,"date":"2024-02-12T17:38:28","date_gmt":"2024-02-12T16:38:28","guid":{"rendered":"https:\/\/toitsausoleil.org\/?page_id=33"},"modified":"2025-05-12T16:56:50","modified_gmt":"2025-05-12T14:56:50","slug":"qui-sommes-nous-2","status":"publish","type":"page","link":"https:\/\/toitsausoleil.org\/index.php\/qui-sommes-nous-2\/","title":{"rendered":"Qui sommes-nous ?"},"content":{"rendered":"\t\t<div data-elementor-type=\"wp-page\" data-elementor-id=\"33\" class=\"elementor elementor-33\">\n\t\t\t\t<div class=\"elementor-element elementor-element-7dcf6565 e-flex e-con-boxed e-con e-parent\" data-id=\"7dcf6565\" data-element_type=\"container\">\n\t\t\t\t\t<div class=\"e-con-inner\">\n\t\t\t\t<div class=\"elementor-element elementor-element-65a3900e elementor-widget elementor-widget-text-editor\" data-id=\"65a3900e\" data-element_type=\"widget\" data-widget_type=\"text-editor.default\">\n\t\t\t\t<div class=\"elementor-widget-container\">\n\t\t\t\t\t\t\t\t\t<h2 class=\"wp-block-heading\"><strong>L&#8217;association Toits au Soleil<\/strong><\/h2>\n<p><!-- \/wp:heading --><\/p>\n<p><!-- wp:paragraph --><\/p>\n<p><strong>Nous sommes une association loi 1901 cr\u00e9\u00e9e en mars 2018 par un groupe de citoyens acteurs locaux de la transition \u00e9nerg\u00e9tique. Notre territoire d&#8217;action est l&#8217;agglom\u00e9ration nazairienne.<\/strong><\/p>\n<p><!-- \/wp:paragraph --><\/p>\n<p><!-- wp:paragraph --><\/p>\n<p><strong>Les statuts :<\/strong><a href=\"http:\/\/toitsausoleil.org\/wp-content\/uploads\/2024\/03\/statuts.pdf\" target=\"_blank\" rel=\"noreferrer noopener\">Cliquez ici afin d&#8217;acc\u00e9der aux statuts de l&#8217;association\u00a0<\/a><\/p>\n<p><!-- \/wp:paragraph --><\/p>\n<p><!-- wp:paragraph --><\/p>\n<p><strong>Nos <\/strong>objectifs:<br \/>&#8211; Promouvoir les \u00e9nergies renouvelables locales<br \/>&#8211; S&#8217;engager dans la r\u00e9alisation de projets de production d&#8217;\u00e9lectricit\u00e9 de source photovolta\u00efque port\u00e9s par des citoyen-ne-s<br \/>&#8211; Sensibiliser autour des enjeux et usages \u00e9nerg\u00e9tiques<br \/>&#8211; Rechercher des toits \u00e9ligibles au photovolta\u00efque et des citoyens investisseurs.<\/p>\n<p><!-- \/wp:paragraph --><\/p>\n<p><!-- wp:paragraph --><\/p>\n<p><strong>Nos <\/strong>activit\u00e9s:<br \/>&#8211; Sensibiliser autour des enjeux et usages \u00e9nerg\u00e9tiques<br \/>&#8211; Rechercher des toits \u00e9ligibles au photovolta\u00efque et des citoyens investisseurs<\/p>\n<p><!-- \/wp:paragraph --><\/p>\n<p><!-- wp:paragraph --><\/p>\n<p><strong>Notre <\/strong>Gouvernance est coll\u00e9giale<br \/>\u00a0avec un comit\u00e9 de pilotage qui est aussi, actuellement, le collectif d&#8217;animation et des groupes de travail.<\/p>\n<p><!-- \/wp:paragraph --><\/p>\n<p><!-- wp:paragraph --><\/p>\n<p><!-- \/wp:paragraph --><\/p>\n<p><!-- wp:paragraph --><\/p>\n<p><!-- \/wp:paragraph --><\/p>\n<p><!-- wp:list --><\/p>\n<ul>\n<li style=\"list-style-type: none;\">\n<ul><!-- wp:list-item --><\/ul>\n<\/li>\n<\/ul>\n<p><!-- \/wp:list-item --><\/p>\n<p><!-- wp:list-item --><\/p>\n<p><!-- \/wp:list-item --><\/p>\n<p><!-- wp:list-item --><\/p>\n<p><!-- \/wp:list-item --><\/p>\n<p><!-- wp:list-item --><\/p>\n<p><!-- \/wp:list-item --><\/p>\n<p><!-- \/wp:list --><\/p>\n<p><!-- wp:image {\"id\":64,\"sizeSlug\":\"large\",\"linkDestination\":\"none\"} --><\/p>\n<figure class=\"wp-block-image size-large\"><\/figure>\n<p><!-- \/wp:image --><\/p>\n<p><!-- wp:paragraph --><\/p>\n<div class=\"wp-block-columns\">\n<div class=\"wp-block-column\">\n<p><!-- \/wp:image --><\/p>\n<\/div>\n<p><!-- \/wp:column --><\/p>\n<\/div>\n<p><!-- \/wp:columns --><\/p>\t\t\t\t\t\t\t\t<\/div>\n\t\t\t\t<\/div>\n\t\t\t\t\t<\/div>\n\t\t\t\t<\/div>\n\t\t<div class=\"elementor-element elementor-element-a00b5e2 e-flex e-con-boxed e-con e-parent\" data-id=\"a00b5e2\" data-element_type=\"container\">\n\t\t\t\t\t<div class=\"e-con-inner\">\n\t\t\t\t<div class=\"elementor-element elementor-element-81947f0 elementor-widget elementor-widget-image\" data-id=\"81947f0\" data-element_type=\"widget\" data-widget_type=\"image.default\">\n\t\t\t\t<div class=\"elementor-widget-container\">\n\t\t\t\t\t\t\t\t\t\t\t\t\t\t\t<img fetchpriority=\"high\" decoding=\"async\" width=\"1024\" height=\"576\" src=\"https:\/\/toitsausoleil.org\/wp-content\/uploads\/2025\/04\/AG-2025_0-1024x576.png\" class=\"attachment-large size-large wp-image-10232\" alt=\"\" srcset=\"https:\/\/toitsausoleil.org\/wp-content\/uploads\/2025\/04\/AG-2025_0-1024x576.png 1024w, https:\/\/toitsausoleil.org\/wp-content\/uploads\/2025\/04\/AG-2025_0-300x169.png 300w, https:\/\/toitsausoleil.org\/wp-content\/uploads\/2025\/04\/AG-2025_0-768x432.png 768w, https:\/\/toitsausoleil.org\/wp-content\/uploads\/2025\/04\/AG-2025_0.png 1440w\" sizes=\"(max-width: 1024px) 100vw, 1024px\" \/>\t\t\t\t\t\t\t\t\t\t\t\t\t\t\t<\/div>\n\t\t\t\t<\/div>\n\t\t\t\t<div class=\"elementor-element elementor-element-b6fcc94 elementor-widget elementor-widget-text-editor\" data-id=\"b6fcc94\" data-element_type=\"widget\" data-widget_type=\"text-editor.default\">\n\t\t\t\t<div class=\"elementor-widget-container\">\n\t\t\t\t\t\t\t\t\t<p><strong>Membres du comit\u00e9 de pilotage:<\/strong> Andr\u00e9 Desruelles, Jean-Marc Bonhomme, Martine Richardeau, Lo\u00efc M\u00e9rot, Cl\u00e9ment Mah\u00e9,\u00a0 Denis Bellec, Dominique Poupard,\u00a0 Bernard Garnier, Marion Blin.<\/p>\t\t\t\t\t\t\t\t<\/div>\n\t\t\t\t<\/div>\n\t\t\t\t\t<\/div>\n\t\t\t\t<\/div>\n\t\t<div class=\"elementor-element elementor-element-8edd616 e-flex e-con-boxed e-con e-parent\" data-id=\"8edd616\" data-element_type=\"container\">\n\t\t\t\t\t<div class=\"e-con-inner\">\n\t\t\t\t<div class=\"elementor-element elementor-element-51d4675 elementor-widget elementor-widget-text-editor\" data-id=\"51d4675\" data-element_type=\"widget\" data-widget_type=\"text-editor.default\">\n\t\t\t\t<div class=\"elementor-widget-container\">\n\t\t\t\t\t\t\t\t\t<p>Nos soutiens:<\/p>\t\t\t\t\t\t\t\t<\/div>\n\t\t\t\t<\/div>\n\t\t\t\t\t<\/div>\n\t\t\t\t<\/div>\n\t\t<div class=\"elementor-element elementor-element-a94dbce e-flex e-con-boxed e-con e-parent\" data-id=\"a94dbce\" data-element_type=\"container\">\n\t\t\t\t\t<div class=\"e-con-inner\">\n\t\t<div class=\"elementor-element elementor-element-8f71a4e e-con-full e-flex e-con e-child\" data-id=\"8f71a4e\" data-element_type=\"container\">\n\t\t\t\t<div class=\"elementor-element elementor-element-2831d06 elementor-widget elementor-widget-image\" data-id=\"2831d06\" data-element_type=\"widget\" data-widget_type=\"image.default\">\n\t\t\t\t<div class=\"elementor-widget-container\">\n\t\t\t\t\t\t\t\t\t\t\t\t\t\t\t<img decoding=\"async\" width=\"72\" height=\"54\" src=\"https:\/\/toitsausoleil.org\/wp-content\/uploads\/2024\/02\/image002-2.png\" class=\"attachment-large size-large wp-image-95\" alt=\"\" \/>\t\t\t\t\t\t\t\t\t\t\t\t\t\t\t<\/div>\n\t\t\t\t<\/div>\n\t\t\t\t<\/div>\n\t\t<div class=\"elementor-element elementor-element-1dbde67 e-con-full e-flex e-con e-child\" data-id=\"1dbde67\" data-element_type=\"container\">\n\t\t\t\t<div class=\"elementor-element elementor-element-ca91e0a elementor-widget__width-initial elementor-widget elementor-widget-image\" data-id=\"ca91e0a\" data-element_type=\"widget\" data-widget_type=\"image.default\">\n\t\t\t\t<div class=\"elementor-widget-container\">\n\t\t\t\t\t\t\t\t\t\t\t\t\t\t\t<img decoding=\"async\" width=\"300\" height=\"165\" src=\"https:\/\/toitsausoleil.org\/wp-content\/uploads\/2024\/02\/1200px-Logo_cg_loire-atlantique.svg-300x165.png\" class=\"attachment-medium size-medium wp-image-105\" alt=\"\" srcset=\"https:\/\/toitsausoleil.org\/wp-content\/uploads\/2024\/02\/1200px-Logo_cg_loire-atlantique.svg-300x165.png 300w, https:\/\/toitsausoleil.org\/wp-content\/uploads\/2024\/02\/1200px-Logo_cg_loire-atlantique.svg-1024x562.png 1024w, https:\/\/toitsausoleil.org\/wp-content\/uploads\/2024\/02\/1200px-Logo_cg_loire-atlantique.svg-768x422.png 768w, https:\/\/toitsausoleil.org\/wp-content\/uploads\/2024\/02\/1200px-Logo_cg_loire-atlantique.svg-1170x643.png 1170w, https:\/\/toitsausoleil.org\/wp-content\/uploads\/2024\/02\/1200px-Logo_cg_loire-atlantique.svg.png 1200w\" sizes=\"(max-width: 300px) 100vw, 300px\" \/>\t\t\t\t\t\t\t\t\t\t\t\t\t\t\t<\/div>\n\t\t\t\t<\/div>\n\t\t\t\t<\/div>\n\t\t\t\t\t<\/div>\n\t\t\t\t<\/div>\n\t\t\t\t<\/div>\n\t\t","protected":false},"excerpt":{"rendered":"<p>L&#8217;association Toits au Soleil Nous sommes une association loi 1901 cr\u00e9\u00e9e en mars 2018 par un groupe de citoyens acteurs [&hellip;]<\/p>\n","protected":false},"author":1,"featured_media":0,"parent":0,"menu_order":0,"comment_status":"closed","ping_status":"closed","template":"","meta":{"site-sidebar-layout":"default","site-content-layout":"","ast-site-content-layout":"","site-content-style":"default","site-sidebar-style":"default","ast-global-header-display":"","ast-banner-title-visibility":"","ast-main-header-display":"","ast-hfb-above-header-display":"","ast-hfb-below-header-display":"","ast-hfb-mobile-header-display":"","site-post-title":"","ast-breadcrumbs-content":"","ast-featured-img":"","footer-sml-layout":"","theme-transparent-header-meta":"","adv-header-id-meta":"","stick-header-meta":"","header-above-stick-meta":"","header-main-stick-meta":"","header-below-stick-meta":"","astra-migrate-meta-layouts":"default","ast-page-background-enabled":"default","ast-page-background-meta":{"desktop":{"background-color":"var(--ast-global-color-4)","background-image":"","background-repeat":"repeat","background-position":"center center","background-size":"auto","background-attachment":"scroll","background-type":"","background-media":"","overlay-type":"","overlay-color":"","overlay-gradient":""},"tablet":{"background-color":"","background-image":"","background-repeat":"repeat","background-position":"center center","background-size":"auto","background-attachment":"scroll","background-type":"","background-media":"","overlay-type":"","overlay-color":"","overlay-gradient":""},"mobile":{"background-color":"","background-image":"","background-repeat":"repeat","background-position":"center center","background-size":"auto","background-attachment":"scroll","background-type":"","background-media":"","overlay-type":"","overlay-color":"","overlay-gradient":""}},"ast-content-background-meta":{"desktop":{"background-color":"var(--ast-global-color-5)","background-image":"","background-repeat":"repeat","background-position":"center center","background-size":"auto","background-attachment":"scroll","background-type":"","background-media":"","overlay-type":"","overlay-color":"","overlay-gradient":""},"tablet":{"background-color":"var(--ast-global-color-5)","background-image":"","background-repeat":"repeat","background-position":"center center","background-size":"auto","background-attachment":"scroll","background-type":"","background-media":"","overlay-type":"","overlay-color":"","overlay-gradient":""},"mobile":{"background-color":"var(--ast-global-color-5)","background-image":"","background-repeat":"repeat","background-position":"center center","background-size":"auto","background-attachment":"scroll","background-type":"","background-media":"","overlay-type":"","overlay-color":"","overlay-gradient":""}},"footnotes":""},"class_list":["post-33","page","type-page","status-publish","hentry"],"aioseo_notices":[],"_links":{"self":[{"href":"https:\/\/toitsausoleil.org\/index.php\/wp-json\/wp\/v2\/pages\/33","targetHints":{"allow":["GET"]}}],"collection":[{"href":"https:\/\/toitsausoleil.org\/index.php\/wp-json\/wp\/v2\/pages"}],"about":[{"href":"https:\/\/toitsausoleil.org\/index.php\/wp-json\/wp\/v2\/types\/page"}],"author":[{"embeddable":true,"href":"https:\/\/toitsausoleil.org\/index.php\/wp-json\/wp\/v2\/users\/1"}],"replies":[{"embeddable":true,"href":"https:\/\/toitsausoleil.org\/index.php\/wp-json\/wp\/v2\/comments?post=33"}],"version-history":[{"count":41,"href":"https:\/\/toitsausoleil.org\/index.php\/wp-json\/wp\/v2\/pages\/33\/revisions"}],"predecessor-version":[{"id":10274,"href":"https:\/\/toitsausoleil.org\/index.php\/wp-json\/wp\/v2\/pages\/33\/revisions\/10274"}],"wp:attachment":[{"href":"https:\/\/toitsausoleil.org\/index.php\/wp-json\/wp\/v2\/media?parent=33"}],"curies":[{"name":"wp","href":"https:\/\/api.w.org\/{rel}","templated":true}]}}