{"id":2,"date":"2023-11-03T22:36:22","date_gmt":"2023-11-03T21:36:22","guid":{"rendered":"http:\/\/toitsausoleil.org\/?page_id=2"},"modified":"2026-04-03T16:02:47","modified_gmt":"2026-04-03T14:02:47","slug":"page-d-exemple","status":"publish","type":"page","link":"https:\/\/toitsausoleil.org\/","title":{"rendered":"Accueil"},"content":{"rendered":"\t\t<div data-elementor-type=\"wp-page\" data-elementor-id=\"2\" class=\"elementor elementor-2\">\n\t\t\t\t<div class=\"elementor-element elementor-element-809f907 e-flex e-con-boxed e-con e-parent\" data-id=\"809f907\" data-element_type=\"container\">\n\t\t\t\t\t<div class=\"e-con-inner\">\n\t\t\t\t<div class=\"elementor-element elementor-element-8f98c2e elementor-widget elementor-widget-image\" data-id=\"8f98c2e\" data-element_type=\"widget\" data-widget_type=\"image.default\">\n\t\t\t\t<div class=\"elementor-widget-container\">\n\t\t\t\t\t\t\t\t\t\t\t\t\t\t\t<img fetchpriority=\"high\" decoding=\"async\" width=\"2560\" height=\"1708\" src=\"https:\/\/toitsausoleil.org\/wp-content\/uploads\/2026\/02\/RECIT-300-scaled.jpg\" class=\"attachment-full size-full wp-image-10374\" alt=\"\" srcset=\"https:\/\/toitsausoleil.org\/wp-content\/uploads\/2026\/02\/RECIT-300-scaled.jpg 2560w, https:\/\/toitsausoleil.org\/wp-content\/uploads\/2026\/02\/RECIT-300-300x200.jpg 300w, https:\/\/toitsausoleil.org\/wp-content\/uploads\/2026\/02\/RECIT-300-1024x683.jpg 1024w, https:\/\/toitsausoleil.org\/wp-content\/uploads\/2026\/02\/RECIT-300-768x512.jpg 768w, https:\/\/toitsausoleil.org\/wp-content\/uploads\/2026\/02\/RECIT-300-1536x1025.jpg 1536w, https:\/\/toitsausoleil.org\/wp-content\/uploads\/2026\/02\/RECIT-300-2048x1366.jpg 2048w\" sizes=\"(max-width: 2560px) 100vw, 2560px\" \/>\t\t\t\t\t\t\t\t\t\t\t\t\t\t\t<\/div>\n\t\t\t\t<\/div>\n\t\t\t\t\t<\/div>\n\t\t\t\t<\/div>\n\t\t<div class=\"elementor-element elementor-element-d9ac508 e-flex e-con-boxed e-con e-parent\" data-id=\"d9ac508\" data-element_type=\"container\">\n\t\t\t\t\t<div class=\"e-con-inner\">\n\t\t\t\t<div class=\"elementor-element elementor-element-7b6c590 elementor-widget elementor-widget-text-editor\" data-id=\"7b6c590\" data-element_type=\"widget\" data-widget_type=\"text-editor.default\">\n\t\t\t\t<div class=\"elementor-widget-container\">\n\t\t\t\t\t\t\t\t\t<p><span style=\"text-decoration: underline;\">Nos objectifs:\u00a0<\/span><\/p><p>Promouvoir les \u00e9nergies renouvelables locales.<br \/>S&#8217;engager dans la r\u00e9alisation de projets de production d&#8217;\u00e9lectricit\u00e9 de source photovolta\u00efque port\u00e9s par des citoyen-ne-s.<br \/>Sensibiliser autour des enjeux et usages \u00e9nerg\u00e9tiques.<br \/>Rechercher des toits \u00e9ligibles au photovolta\u00efque et des citoyens investisseurs.<\/p>\t\t\t\t\t\t\t\t<\/div>\n\t\t\t\t<\/div>\n\t\t\t\t\t<\/div>\n\t\t\t\t<\/div>\n\t\t<div class=\"elementor-element elementor-element-dd91dc4 e-flex e-con-boxed e-con e-parent\" data-id=\"dd91dc4\" data-element_type=\"container\">\n\t\t\t\t\t<div class=\"e-con-inner\">\n\t\t\t\t<div class=\"elementor-element elementor-element-a0c4a0a elementor-widget elementor-widget-image\" data-id=\"a0c4a0a\" data-element_type=\"widget\" data-widget_type=\"image.default\">\n\t\t\t\t<div class=\"elementor-widget-container\">\n\t\t\t\t\t\t\t\t\t\t\t\t\t\t\t\t<a href=\"https:\/\/lesonunique.com\/mysun\/actualite\/2489\" target=\"_blank\">\n\t\t\t\t\t\t\t<img decoding=\"async\" width=\"851\" height=\"315\" src=\"https:\/\/toitsausoleil.org\/wp-content\/uploads\/2026\/04\/Retrouver-linterview-de-toits-au-Soleil.png\" class=\"attachment-large size-large wp-image-10516\" alt=\"\" srcset=\"https:\/\/toitsausoleil.org\/wp-content\/uploads\/2026\/04\/Retrouver-linterview-de-toits-au-Soleil.png 851w, https:\/\/toitsausoleil.org\/wp-content\/uploads\/2026\/04\/Retrouver-linterview-de-toits-au-Soleil-300x111.png 300w, https:\/\/toitsausoleil.org\/wp-content\/uploads\/2026\/04\/Retrouver-linterview-de-toits-au-Soleil-768x284.png 768w\" sizes=\"(max-width: 851px) 100vw, 851px\" \/>\t\t\t\t\t\t\t\t<\/a>\n\t\t\t\t\t\t\t\t\t\t\t\t\t\t\t<\/div>\n\t\t\t\t<\/div>\n\t\t\t\t\t<\/div>\n\t\t\t\t<\/div>\n\t\t<div class=\"elementor-element elementor-element-b9f409b e-flex e-con-boxed e-con e-parent\" data-id=\"b9f409b\" data-element_type=\"container\">\n\t\t\t\t\t<div class=\"e-con-inner\">\n\t\t\t\t<div class=\"elementor-element elementor-element-d0e667d elementor-shape-rounded elementor-grid-0 e-grid-align-center elementor-widget elementor-widget-social-icons\" data-id=\"d0e667d\" data-element_type=\"widget\" data-widget_type=\"social-icons.default\">\n\t\t\t\t<div class=\"elementor-widget-container\">\n\t\t\t\t\t\t\t<div class=\"elementor-social-icons-wrapper elementor-grid\">\n\t\t\t\t\t\t\t<span class=\"elementor-grid-item\">\n\t\t\t\t\t<a class=\"elementor-icon elementor-social-icon elementor-social-icon-facebook elementor-repeater-item-29639cc\" href=\"https:\/\/www.facebook.com\/toitsausoleilassociation\" target=\"_blank\">\n\t\t\t\t\t\t<span class=\"elementor-screen-only\">Facebook<\/span>\n\t\t\t\t\t\t<svg class=\"e-font-icon-svg e-fab-facebook\" viewBox=\"0 0 512 512\" xmlns=\"http:\/\/www.w3.org\/2000\/svg\"><path d=\"M504 256C504 119 393 8 256 8S8 119 8 256c0 123.78 90.69 226.38 209.25 245V327.69h-63V256h63v-54.64c0-62.15 37-96.48 93.67-96.48 27.14 0 55.52 4.84 55.52 4.84v61h-31.28c-30.8 0-40.41 19.12-40.41 38.73V256h68.78l-11 71.69h-57.78V501C413.31 482.38 504 379.78 504 256z\"><\/path><\/svg>\t\t\t\t\t<\/a>\n\t\t\t\t<\/span>\n\t\t\t\t\t<\/div>\n\t\t\t\t\t\t<\/div>\n\t\t\t\t<\/div>\n\t\t\t\t\t<\/div>\n\t\t\t\t<\/div>\n\t\t\t\t<\/div>\n\t\t","protected":false},"excerpt":{"rendered":"<p>Nos objectifs:\u00a0 Promouvoir les \u00e9nergies renouvelables locales.S&#8217;engager dans la r\u00e9alisation de projets de production d&#8217;\u00e9lectricit\u00e9 de source photovolta\u00efque port\u00e9s par [&hellip;]<\/p>\n","protected":false},"author":1,"featured_media":0,"parent":0,"menu_order":0,"comment_status":"closed","ping_status":"closed","template":"elementor_header_footer","meta":{"site-sidebar-layout":"default","site-content-layout":"","ast-site-content-layout":"","site-content-style":"default","site-sidebar-style":"default","ast-global-header-display":"","ast-banner-title-visibility":"","ast-main-header-display":"","ast-hfb-above-header-display":"","ast-hfb-below-header-display":"","ast-hfb-mobile-header-display":"","site-post-title":"","ast-breadcrumbs-content":"","ast-featured-img":"","footer-sml-layout":"","theme-transparent-header-meta":"","adv-header-id-meta":"","stick-header-meta":"","header-above-stick-meta":"","header-main-stick-meta":"","header-below-stick-meta":"","astra-migrate-meta-layouts":"default","ast-page-background-enabled":"default","ast-page-background-meta":{"desktop":{"background-color":"var(--ast-global-color-4)","background-image":"","background-repeat":"repeat","background-position":"center center","background-size":"auto","background-attachment":"scroll","background-type":"","background-media":"","overlay-type":"","overlay-color":"","overlay-gradient":""},"tablet":{"background-color":"","background-image":"","background-repeat":"repeat","background-position":"center center","background-size":"auto","background-attachment":"scroll","background-type":"","background-media":"","overlay-type":"","overlay-color":"","overlay-gradient":""},"mobile":{"background-color":"","background-image":"","background-repeat":"repeat","background-position":"center center","background-size":"auto","background-attachment":"scroll","background-type":"","background-media":"","overlay-type":"","overlay-color":"","overlay-gradient":""}},"ast-content-background-meta":{"desktop":{"background-color":"var(--ast-global-color-5)","background-image":"","background-repeat":"repeat","background-position":"center center","background-size":"auto","background-attachment":"scroll","background-type":"","background-media":"","overlay-type":"","overlay-color":"","overlay-gradient":""},"tablet":{"background-color":"var(--ast-global-color-5)","background-image":"","background-repeat":"repeat","background-position":"center center","background-size":"auto","background-attachment":"scroll","background-type":"","background-media":"","overlay-type":"","overlay-color":"","overlay-gradient":""},"mobile":{"background-color":"var(--ast-global-color-5)","background-image":"","background-repeat":"repeat","background-position":"center center","background-size":"auto","background-attachment":"scroll","background-type":"","background-media":"","overlay-type":"","overlay-color":"","overlay-gradient":""}},"footnotes":""},"class_list":["post-2","page","type-page","status-publish","hentry"],"aioseo_notices":[],"_links":{"self":[{"href":"https:\/\/toitsausoleil.org\/index.php\/wp-json\/wp\/v2\/pages\/2","targetHints":{"allow":["GET"]}}],"collection":[{"href":"https:\/\/toitsausoleil.org\/index.php\/wp-json\/wp\/v2\/pages"}],"about":[{"href":"https:\/\/toitsausoleil.org\/index.php\/wp-json\/wp\/v2\/types\/page"}],"author":[{"embeddable":true,"href":"https:\/\/toitsausoleil.org\/index.php\/wp-json\/wp\/v2\/users\/1"}],"replies":[{"embeddable":true,"href":"https:\/\/toitsausoleil.org\/index.php\/wp-json\/wp\/v2\/comments?post=2"}],"version-history":[{"count":231,"href":"https:\/\/toitsausoleil.org\/index.php\/wp-json\/wp\/v2\/pages\/2\/revisions"}],"predecessor-version":[{"id":10521,"href":"https:\/\/toitsausoleil.org\/index.php\/wp-json\/wp\/v2\/pages\/2\/revisions\/10521"}],"wp:attachment":[{"href":"https:\/\/toitsausoleil.org\/index.php\/wp-json\/wp\/v2\/media?parent=2"}],"curies":[{"name":"wp","href":"https:\/\/api.w.org\/{rel}","templated":true}]}}